{"id":4997,"date":"2025-01-15T14:18:02","date_gmt":"2025-01-15T14:18:02","guid":{"rendered":"https:\/\/eu.barbams.com\/?page_id=4997"},"modified":"2025-01-15T14:56:53","modified_gmt":"2025-01-15T14:56:53","slug":"nacini-placanja","status":"publish","type":"page","link":"https:\/\/eu.barbams.com\/sr\/nacini-placanja\/","title":{"rendered":"Na\u010dini pla\u0107anja"},"content":{"rendered":"<p><strong>1. Pla\u0107anje pouze\u0107em<\/strong><\/p>\n<p>Paketna dostava naru\u010dene robe na adresu u narud\u017ebi. Robu pla\u0107ate po zaprimanju po\u0161iljke.<\/p>\n<p><strong>2. Karticama<\/strong><\/p>\n<p>Karticom \u2013 Maestro, Visa ili Visa elektron &#8211; kod slanja narud\u017ebe pritiskom dugmeta &#8222;po\u0161alji&#8220; bit \u0107ete preusmjereni na bankovne sigurne stranice za online transakcije gdje u odgovaraju\u0107i prozor\u010di\u0107 unesete broj kreditne kartice, datum trajanja iste te potvrdite kupovinu.<\/p>\n<p>Ako koristite Visa, Visa Electron ili Maestro potrebno je unijeti 3-znamenkasti sigurnosti kod, koji se nalazi na stra\u017enjoj strani kartice, desno od broja Va\u0161e kartice.<\/p>\n","protected":false},"excerpt":{"rendered":"<p>1. Pla\u0107anje pouze\u0107em Paketna dostava naru\u010dene robe na adresu u narud\u017ebi. Robu pla\u0107ate po zaprimanju po\u0161iljke. 2. Karticama Karticom \u2013 Maestro, Visa ili Visa elektron &#8211; kod slanja narud\u017ebe pritiskom dugmeta &#8222;po\u0161alji&#8220; bit \u0107ete preusmjereni na bankovne sigurne stranice za online transakcije gdje u odgovaraju\u0107i prozor\u010di\u0107 unesete broj kreditne kartice, datum trajanja iste te potvrdite [&hellip;]<\/p>\n","protected":false},"author":1,"featured_media":0,"parent":0,"menu_order":0,"comment_status":"closed","ping_status":"closed","template":"page-templates\/payment_method.php","meta":{"_acf_changed":false,"footnotes":""},"class_list":["post-4997","page","type-page","status-publish","hentry"],"acf":[],"_links":{"self":[{"href":"https:\/\/eu.barbams.com\/sr\/wp-json\/wp\/v2\/pages\/4997","targetHints":{"allow":["GET"]}}],"collection":[{"href":"https:\/\/eu.barbams.com\/sr\/wp-json\/wp\/v2\/pages"}],"about":[{"href":"https:\/\/eu.barbams.com\/sr\/wp-json\/wp\/v2\/types\/page"}],"author":[{"embeddable":true,"href":"https:\/\/eu.barbams.com\/sr\/wp-json\/wp\/v2\/users\/1"}],"replies":[{"embeddable":true,"href":"https:\/\/eu.barbams.com\/sr\/wp-json\/wp\/v2\/comments?post=4997"}],"version-history":[{"count":2,"href":"https:\/\/eu.barbams.com\/sr\/wp-json\/wp\/v2\/pages\/4997\/revisions"}],"predecessor-version":[{"id":5015,"href":"https:\/\/eu.barbams.com\/sr\/wp-json\/wp\/v2\/pages\/4997\/revisions\/5015"}],"wp:attachment":[{"href":"https:\/\/eu.barbams.com\/sr\/wp-json\/wp\/v2\/media?parent=4997"}],"curies":[{"name":"wp","href":"https:\/\/api.w.org\/{rel}","templated":true}]}}