{"id":5002,"date":"2025-01-15T14:18:58","date_gmt":"2025-01-15T14:18:58","guid":{"rendered":"https:\/\/eu.barbams.com\/?page_id=5002"},"modified":"2025-01-15T14:19:14","modified_gmt":"2025-01-15T14:19:14","slug":"uvjeti-prodaje","status":"publish","type":"page","link":"https:\/\/eu.barbams.com\/sr\/uvjeti-prodaje\/","title":{"rendered":"Uvjeti prodaje"},"content":{"rendered":"<p>Ovi Uvjeti primjenjuju se na sve ugovore za prodaju robe od strane prodavatelja prema kupcu, te \u0107e prevladati nad bilo kojom drugom dokumentacijom ili komunikacijom od strane kupca.<\/p>\n<p>Prihva\u0107anjem isporuke robe smatrat \u0107e se kao uvjerljiv dokaz da je Kupac prihvatio ove Uvjete kori\u0161tenja.<\/p>\n<p>Svaka promjena ovih Uvjeta kori\u0161tenja (uklju\u010duju\u0107i bilo kakve posebne uvjete i uvjete koji su dogovoreni izme\u0111u stranke) biti \u0107e ni\u0161tavna ukoliko nije posebno, pismeno dogovorena od strane<br \/>\nProdavatelja.<\/p>\n<p>Sve vrste pritu\u017ebi trebaju biti adresirane na info@barbams.com<\/p>\n<p><strong>Naru\u010divanje<\/strong><\/p>\n<p>Sve narud\u017ebe za robu smatrat \u0107e se kao ponuda kupca za kupnju robe u skladu s ovim Uvjetima kori\u0161tenja, te podlije\u017eu prihva\u0107anju od strane Prodavatelja. Prodavatelj mo\u017ee izabrati da ne<br \/>\nprihvati nalog za narud\u017ebu iz bilo kojeg razloga.<br \/>\nKada roba koju je Kupac naru\u010dio nije raspolo\u017eiva na skladi\u0161tu, Kupac \u0107e biti obavije\u0161ten te \u0107e mu se omogu\u0107iti da naru\u010di drugu robu ili da otka\u017ee narud\u017ebu i primi povrat punog iznosa u roku od 30 dana.<\/p>\n<p><strong>Cijena i pla\u0107anje<\/strong><\/p>\n<p>Cijena roba \u0107e se smatrati ona koja je propisana na web stranicama. Cijena je sa PDV-om, te mo\u017ee uklju\u010divati tro\u0161kove dostave.<br \/>\nUkupna nabavna cijena, uklju\u010duju\u0107i PDV i tro\u0161kove dostave, ako ih ima, bit \u0107e prikazana Kupca u ko\u0161arici prije potvr\u0111ivanja narud\u017ebe.<br \/>\nNakon \u0161to je zaprimio nalog, Prodavatelj \u0107e potvrditi putem elektronske po\u0161te detalje, opis i cijenu za robu.<\/p>\n<p><strong>Dostava<\/strong><\/p>\n<p>Roba koja se dostavlja u Hrvatskoj obi\u010dno \u0107e biti isporu\u010dena u roku od 7 (sedam) radnih dana od prihva\u0107anja naloga.<br \/>\nRoba koja se dostavlja izvan Republike Hrvatske biti \u0107e dostavljena u roku od 10 radnih dana od prihva\u0107anja naloga.<br \/>\nKada se to\u010dan datum dostave dogovori izme\u0111u Kupca i prodavatelja, a naknadno se ispostavi da ne mo\u017ee biti ostvaren, Kupac \u0107e biti obavije\u0161ten te \u0107e mu se ponuditi mogu\u0107nost dogovora novog<br \/>\ndatuma ili u potpunosti vrati upla\u0107ena sredstva.<br \/>\nProdavatelj \u0107e koristiti razumne napore kako bi se zadovoljili dogovoreni datumi dostave.<br \/>\nDostava robe vr\u0161it \u0107e se na adresu koju je Kupac naveo u nalogu, te \u0107e Kupac ujedno osigurati sve potrebne radnje kako bi mogao preuzeti narud\u017ebu u zadanom roku.<br \/>\nDostava se vr\u0161i putem GLS Hrvatska, te je raspolo\u017eiva na cjelokupnom teritoriju Republike Hrvatske osim na pojedinim otocima.<br \/>\nCijena dostave je navedena je u pregledu ko\u0161arice prije izvr\u0161enja pla\u0107anja.<br \/>\nOtpremu (dostavu) vr\u0161imo isklju\u010divo na podru\u010dju Republike Hrvatske i Europske Unije.<br \/>\nNaru\u010dena roba biti \u0107e slo\u017eena na na\u010din da se uobi\u010dajenom manipulacijom u transportu ne mo\u017ee o\u0161tetiti. Kupac je du\u017ean prilikom preuzimanja naru\u010dene robe provjeriti eventualna o\u0161te\u0107enja i<br \/>\nodmah ih reklamirati dostavnom radniku koji je robu dostavio, te odbiti preuzeti isporu\u010denu robu na kojoj su vidljiva vanjska o\u0161te\u0107enja.<br \/>\nProvjera ispravnosti narud\u017ebe ovisi o kupcu, a naknadne reklamacije se ne uva\u017eavaju.<\/p>\n<p><strong>Pravo prodava\u010da<\/strong><br \/>\nProdava\u010d zadr\u017eava pravo da povremeno a\u017eurira cijene na web stranici u bilo kojem trenutku.<br \/>\nProdava\u010d \u0107e u\u010diniti sve napore kako bi osigurao to\u010dnost cijena u trenutku kada kupac pravi narud\u017ebu. Prodava\u010d zadr\u017eava pravo da povu\u010de svu robu iz web trgovine u bilo koje vrijeme.<br \/>\nProdava\u010d ne snosi odgovornost za povla\u010denje bilo koje robe sa web stranice ili za odbijanje obra\u0111ene narud\u017ebe. Prodava\u010d ne snosi odgovornost ukoliko zbog neraspolo\u017eivosti robe Kupcu se nanese bilo kakva vrsta \u0161tete.<\/p>\n<p><strong>Otkazivanje i povratak<\/strong><\/p>\n<p>Kupac \u0107e pregledati robu odmah po primitku te \u0107e o tome obavijestiti Prodava\u010da u roku od 14 (\u010detrnaest) radnih dana od dana dostave, potvr\u0111ene u pisanom obliku,na e-mail<br \/>\ninfo@barbams.com, ukoliko je roba o\u0161te\u0107ena ili nije u orginalnome pakiranju (neo\u0161te\u010dena) ili nije u skladu sa bilo kojim dijelom ovog Ugovora.<\/p>\n<p>Ako Kupac to ne u\u010dini Prodavatelj \u0107e smatrati da je roba prihva\u0107ena.<\/p>\n<p><strong>Ograni\u010denje odgovornosti<\/strong><\/p>\n<p>Osim \u0161to mo\u017ee biti implicirana zakonom u kojem se Kupac denira kao Potro\u0161a\u010d, u slu\u010daju bilo kakvog kr\u0161enja ovih Uvjeta kori\u0161tenja od strane Prodavatelja pravna tra\u017eenja nastale \u0161tete Kupca<br \/>\nbiti \u0107e ograni\u010dena na \u0161tete koje nikada ne\u0107e prema\u0161iti cijenu Robe i Prodavatelj ni pod kojim okolnostima ne\u0107e biti odgovoran za bilo kakvu izravnu, slu\u010dajnu ili posljedi\u010dnu \u0161tetu ili gubitak<br \/>\nrobe.<\/p>\n<p><strong>Vi\u0161a sila<\/strong><\/p>\n<p>Prodavatelj nije odgovoran za bilo kakvo ka\u0161njenje ili neizvr\u0161enje bilo koje od svojih obveza ako ka\u0161njenje ili neuspjeh proizlazi iz doga\u0111aja ili okolnosti koje su izvan njegove razumne kontrole,<br \/>\nuklju\u010duju\u0107i ali ne ograni\u010davaju\u0107i se na \u0161trajkove, nesre\u0107e, rat, po\u017ear, kvar bilo komunikacija, telekomunikacija ili ra\u010dunalnog sustava, kvar pogona ili strojeva ili manjka nedostupnosti sirovina<br \/>\niz prirodnih izvora opskrbe. Prodavatelj \u0107e imati pravo na razumno produ\u017eenje vremenskog roka pro\u0161irenja svojih obveza.<\/p>\n<p><strong>Prekid<\/strong><\/p>\n<p>Ukoliko se bilo koji dijelovi ovih Uvjeta kori\u0161tenja smatraju u suprotnosti sa zakonom od bilo kojeg nadle\u017enog Suda u Republici Hrvatskoj iz bilo kojeg razloga, takve \u0107e odredbe biti ukinute<br \/>\nPromjene u uvjetima Prodavatelj \u0107e imati pravo izmijeniti ove Uvjete kori\u0161tenja u bilo kojem trenutku, ali to pravo ne\u0107e utjecati na postoje\u0107e Uvjete kori\u0161tenja koji su prihva\u0107eni od strane Kupca prije njihove izmjene.<\/p>\n<p><strong>Mjerodavno pravo i nadle\u017enost<\/strong><\/p>\n<p>Ovi uvjeti ure\u0111uju se i tuma\u010de u skladu sa zakonom Republike Hrvatske i stranke su ovime podvrgnute isklju\u010divoj nadle\u017enosti Hrvatskih sudova.<\/p>\n<p><strong>Reklamacije<\/strong><\/p>\n<p>Reklamaciju mo\u017eete prijaviti putem mail adrese info@barbams.com ili kontaktom korisni\u010dkoj slu\u017ebi putem socijalni mre\u017ea. Artikl mora biti vra\u0107en u originalnoj i neo\u0161te\u0107enoj ambala\u017ei. U suprotnom slu\u010daju \u0107e reklamacijski zahtjev biti odbijen.<\/p>\n<p>U roku 14 radnih dana od primitka po\u0161iljke artikl \u0107e biti zamijenjen ili va\u0161 novac vra\u0107en.<\/p>\n","protected":false},"excerpt":{"rendered":"<p>Ovi Uvjeti primjenjuju se na sve ugovore za prodaju robe od strane prodavatelja prema kupcu, te \u0107e prevladati nad bilo kojom drugom dokumentacijom ili komunikacijom od strane kupca. Prihva\u0107anjem isporuke robe smatrat \u0107e se kao uvjerljiv dokaz da je Kupac prihvatio ove Uvjete kori\u0161tenja. Svaka promjena ovih Uvjeta kori\u0161tenja (uklju\u010duju\u0107i bilo kakve posebne uvjete i [&hellip;]<\/p>\n","protected":false},"author":1,"featured_media":0,"parent":0,"menu_order":0,"comment_status":"closed","ping_status":"closed","template":"","meta":{"_acf_changed":false,"footnotes":""},"class_list":["post-5002","page","type-page","status-publish","hentry"],"acf":[],"_links":{"self":[{"href":"https:\/\/eu.barbams.com\/sr\/wp-json\/wp\/v2\/pages\/5002","targetHints":{"allow":["GET"]}}],"collection":[{"href":"https:\/\/eu.barbams.com\/sr\/wp-json\/wp\/v2\/pages"}],"about":[{"href":"https:\/\/eu.barbams.com\/sr\/wp-json\/wp\/v2\/types\/page"}],"author":[{"embeddable":true,"href":"https:\/\/eu.barbams.com\/sr\/wp-json\/wp\/v2\/users\/1"}],"replies":[{"embeddable":true,"href":"https:\/\/eu.barbams.com\/sr\/wp-json\/wp\/v2\/comments?post=5002"}],"version-history":[{"count":1,"href":"https:\/\/eu.barbams.com\/sr\/wp-json\/wp\/v2\/pages\/5002\/revisions"}],"predecessor-version":[{"id":5003,"href":"https:\/\/eu.barbams.com\/sr\/wp-json\/wp\/v2\/pages\/5002\/revisions\/5003"}],"wp:attachment":[{"href":"https:\/\/eu.barbams.com\/sr\/wp-json\/wp\/v2\/media?parent=5002"}],"curies":[{"name":"wp","href":"https:\/\/api.w.org\/{rel}","templated":true}]}}