{"id":185,"date":"2025-08-28T11:07:12","date_gmt":"2025-08-28T11:07:12","guid":{"rendered":"http:\/\/eu.barbams.com\/product\/eyebrow-elixir\/"},"modified":"2026-05-04T08:17:45","modified_gmt":"2026-05-04T08:17:45","slug":"elixir-za-bradu","status":"publish","type":"product","link":"https:\/\/eu.barbams.com\/sr\/proizvod\/elixir-za-bradu\/","title":{"rendered":"Elixir za bradu"},"content":{"rendered":"","protected":false},"excerpt":{"rendered":"<p>Barbam&#8217;s Elixir nije samo proizvod za rast brade; on je va\u0161a tajna za ostvarenje brade o kojoj ste oduvek sanjali. Zamislite kako biste se ose\u0107ali puni samopouzdanja, bez potrebe da sakrivate svoje lice ili se stidite svoje retke i tanke brade. Na\u0161 proizvod pretvara taj san u stvarnost, nude\u0107i vam gustu, bujnu bradu koja privla\u010di poglede!<\/p>\n","protected":false},"featured_media":6089,"comment_status":"open","ping_status":"closed","template":"","meta":{"_acf_changed":false},"product_cat":[19],"product_tag":[],"class_list":{"0":"post-185","1":"product","2":"type-product","3":"status-publish","4":"has-post-thumbnail","6":"product_cat-uncategorized-sr","8":"first","9":"instock","10":"purchasable","11":"product-type-variable"},"acf":[],"_links":{"self":[{"href":"https:\/\/eu.barbams.com\/sr\/wp-json\/wp\/v2\/product\/185","targetHints":{"allow":["GET"]}}],"collection":[{"href":"https:\/\/eu.barbams.com\/sr\/wp-json\/wp\/v2\/product"}],"about":[{"href":"https:\/\/eu.barbams.com\/sr\/wp-json\/wp\/v2\/types\/product"}],"replies":[{"embeddable":true,"href":"https:\/\/eu.barbams.com\/sr\/wp-json\/wp\/v2\/comments?post=185"}],"wp:featuredmedia":[{"embeddable":true,"href":"https:\/\/eu.barbams.com\/sr\/wp-json\/wp\/v2\/media\/6089"}],"wp:attachment":[{"href":"https:\/\/eu.barbams.com\/sr\/wp-json\/wp\/v2\/media?parent=185"}],"wp:term":[{"taxonomy":"product_cat","embeddable":true,"href":"https:\/\/eu.barbams.com\/sr\/wp-json\/wp\/v2\/product_cat?post=185"},{"taxonomy":"product_tag","embeddable":true,"href":"https:\/\/eu.barbams.com\/sr\/wp-json\/wp\/v2\/product_tag?post=185"}],"curies":[{"name":"wp","href":"https:\/\/api.w.org\/{rel}","templated":true}]}}