{"id":3994,"date":"2025-08-30T12:27:20","date_gmt":"2025-08-30T12:27:20","guid":{"rendered":"https:\/\/eu.barbams.com\/?post_type=product&#038;p=3994"},"modified":"2026-04-29T15:11:15","modified_gmt":"2026-04-29T15:11:15","slug":"barbams-parfem","status":"publish","type":"product","link":"https:\/\/eu.barbams.com\/sr\/proizvod\/barbams-parfem\/","title":{"rendered":"Black Parfem-50% JA\u010cI"},"content":{"rendered":"","protected":false},"excerpt":{"rendered":"<p>Barbam&#8217;s Parfem sa Feromonima nije samo parfem; to je tajni adut svakog mu\u0161karca koji \u017eeli da ostavi nezaboravan utisak. Na\u0161 jedinstveni parfem kombinuje luksuzne mirisne note sa pa\u017eljivo odabranim feromonima, poznatim kao &#8222;miris ljubavi&#8220;, stvaraju\u0107i esenciju mu\u0161kosti koja prirodno pove\u0107ava va\u0161u privla\u010dnost.<\/p>\n","protected":false},"featured_media":8461,"comment_status":"open","ping_status":"closed","template":"","meta":{"_acf_changed":false},"product_cat":[19],"product_tag":[],"class_list":{"0":"post-3994","1":"product","2":"type-product","3":"status-publish","4":"has-post-thumbnail","6":"product_cat-uncategorized-sr","8":"first","9":"instock","10":"sale","11":"purchasable","12":"product-type-simple"},"acf":[],"_links":{"self":[{"href":"https:\/\/eu.barbams.com\/sr\/wp-json\/wp\/v2\/product\/3994","targetHints":{"allow":["GET"]}}],"collection":[{"href":"https:\/\/eu.barbams.com\/sr\/wp-json\/wp\/v2\/product"}],"about":[{"href":"https:\/\/eu.barbams.com\/sr\/wp-json\/wp\/v2\/types\/product"}],"replies":[{"embeddable":true,"href":"https:\/\/eu.barbams.com\/sr\/wp-json\/wp\/v2\/comments?post=3994"}],"wp:featuredmedia":[{"embeddable":true,"href":"https:\/\/eu.barbams.com\/sr\/wp-json\/wp\/v2\/media\/8461"}],"wp:attachment":[{"href":"https:\/\/eu.barbams.com\/sr\/wp-json\/wp\/v2\/media?parent=3994"}],"wp:term":[{"taxonomy":"product_cat","embeddable":true,"href":"https:\/\/eu.barbams.com\/sr\/wp-json\/wp\/v2\/product_cat?post=3994"},{"taxonomy":"product_tag","embeddable":true,"href":"https:\/\/eu.barbams.com\/sr\/wp-json\/wp\/v2\/product_tag?post=3994"}],"curies":[{"name":"wp","href":"https:\/\/api.w.org\/{rel}","templated":true}]}}