{"id":4014,"date":"2025-08-27T12:32:46","date_gmt":"2025-08-27T12:32:46","guid":{"rendered":"https:\/\/eu.barbams.com\/?post_type=product&#038;p=4014"},"modified":"2026-04-21T07:53:08","modified_gmt":"2026-04-21T07:53:08","slug":"ulje-za-bradu","status":"publish","type":"product","link":"https:\/\/eu.barbams.com\/sr\/proizvod\/ulje-za-bradu\/","title":{"rendered":"Ulje za bradu"},"content":{"rendered":"","protected":false},"excerpt":{"rendered":"<p>Barbam&#8217;s Ulje za bradu sa feromonima &#8211; napravljeno za mu\u0161karce koji \u017eele vi\u0161e.<\/p>\n<p>Dobrodo\u0161li u svet gde Brada ne samo da izgleda sjajno, ve\u0107 i privla\u010di pa\u017enju gde god se pojavite! Barbam&#8217;s Ulje za Bradu, prvo ulje na tr\u017ei\u0161tu oboga\u0107eno sa feromonima, napravljeno je da va\u0161u Bradu u\u010dini ne samo negovanom, ve\u0107 i magnentom za poglede.<\/p>\n","protected":false},"featured_media":4016,"comment_status":"open","ping_status":"closed","template":"","meta":{"_acf_changed":false},"product_cat":[19],"product_tag":[],"class_list":{"0":"post-4014","1":"product","2":"type-product","3":"status-publish","4":"has-post-thumbnail","6":"product_cat-uncategorized-sr","8":"first","9":"instock","10":"sale","11":"purchasable","12":"product-type-simple"},"acf":[],"_links":{"self":[{"href":"https:\/\/eu.barbams.com\/sr\/wp-json\/wp\/v2\/product\/4014","targetHints":{"allow":["GET"]}}],"collection":[{"href":"https:\/\/eu.barbams.com\/sr\/wp-json\/wp\/v2\/product"}],"about":[{"href":"https:\/\/eu.barbams.com\/sr\/wp-json\/wp\/v2\/types\/product"}],"replies":[{"embeddable":true,"href":"https:\/\/eu.barbams.com\/sr\/wp-json\/wp\/v2\/comments?post=4014"}],"wp:featuredmedia":[{"embeddable":true,"href":"https:\/\/eu.barbams.com\/sr\/wp-json\/wp\/v2\/media\/4016"}],"wp:attachment":[{"href":"https:\/\/eu.barbams.com\/sr\/wp-json\/wp\/v2\/media?parent=4014"}],"wp:term":[{"taxonomy":"product_cat","embeddable":true,"href":"https:\/\/eu.barbams.com\/sr\/wp-json\/wp\/v2\/product_cat?post=4014"},{"taxonomy":"product_tag","embeddable":true,"href":"https:\/\/eu.barbams.com\/sr\/wp-json\/wp\/v2\/product_tag?post=4014"}],"curies":[{"name":"wp","href":"https:\/\/api.w.org\/{rel}","templated":true}]}}