{"id":6708,"date":"2025-08-29T13:33:19","date_gmt":"2025-08-29T13:33:19","guid":{"rendered":"https:\/\/eu.barbams.com\/?post_type=product&#038;p=6708"},"modified":"2025-10-14T13:34:35","modified_gmt":"2025-10-14T13:34:35","slug":"elixir-za-bradu-barbams-parfem","status":"publish","type":"product","link":"https:\/\/eu.barbams.com\/sr\/proizvod\/elixir-za-bradu-barbams-parfem\/","title":{"rendered":"Elixir za bradu + Black Parfem"},"content":{"rendered":"","protected":false},"excerpt":{"rendered":"<h3><strong>Elixir za bradu<\/strong><\/h3>\n<p>Barbam\u2019s Elixir nije samo proizvod za rast brade; on je va\u0161a tajna za ostvarenje brade o kojoj ste oduvek sanjali. Zamislite kako biste se ose\u0107ali puni samopouzdanja, bez potrebe da sakrivate svoje lice ili se stidite svoje retke i tanke brade. Na\u0161 proizvod pretvara taj san u stvarnost, nude\u0107i vam gustu, bujnu bradu koja privla\u010di poglede!<\/p>\n<h3><strong>Barbam\u2019s Parfem<\/strong><\/h3>\n<p>Barbam\u2019s Parfem sa Feromonima nije samo parfem; to je tajni adut svakog mu\u0161karca koji \u017eeli da ostavi nezaboravan utisak. Na\u0161 jedinstveni parfem kombinuje luksuzne mirisne note sa pa\u017eljivo odabranim feromonima, poznatim kao \u201emiris ljubavi\u201c, stvaraju\u0107i esenciju mu\u0161kosti koja prirodno pove\u0107ava va\u0161u privla\u010dnost.<\/p>\n","protected":false},"featured_media":7205,"comment_status":"open","ping_status":"closed","template":"","meta":{"_acf_changed":false},"product_cat":[19],"product_tag":[],"class_list":{"0":"post-6708","1":"product","2":"type-product","3":"status-publish","4":"has-post-thumbnail","6":"product_cat-uncategorized-sr","8":"first","9":"instock","10":"sale","11":"purchasable","12":"product-type-simple"},"acf":[],"_links":{"self":[{"href":"https:\/\/eu.barbams.com\/sr\/wp-json\/wp\/v2\/product\/6708","targetHints":{"allow":["GET"]}}],"collection":[{"href":"https:\/\/eu.barbams.com\/sr\/wp-json\/wp\/v2\/product"}],"about":[{"href":"https:\/\/eu.barbams.com\/sr\/wp-json\/wp\/v2\/types\/product"}],"replies":[{"embeddable":true,"href":"https:\/\/eu.barbams.com\/sr\/wp-json\/wp\/v2\/comments?post=6708"}],"wp:featuredmedia":[{"embeddable":true,"href":"https:\/\/eu.barbams.com\/sr\/wp-json\/wp\/v2\/media\/7205"}],"wp:attachment":[{"href":"https:\/\/eu.barbams.com\/sr\/wp-json\/wp\/v2\/media?parent=6708"}],"wp:term":[{"taxonomy":"product_cat","embeddable":true,"href":"https:\/\/eu.barbams.com\/sr\/wp-json\/wp\/v2\/product_cat?post=6708"},{"taxonomy":"product_tag","embeddable":true,"href":"https:\/\/eu.barbams.com\/sr\/wp-json\/wp\/v2\/product_tag?post=6708"}],"curies":[{"name":"wp","href":"https:\/\/api.w.org\/{rel}","templated":true}]}}