{"id":6830,"date":"2025-08-01T11:28:58","date_gmt":"2025-08-01T11:28:58","guid":{"rendered":"https:\/\/eu.barbams.com\/?post_type=product&#038;p=6830"},"modified":"2026-04-15T10:02:14","modified_gmt":"2026-04-15T10:02:14","slug":"aqua-di-barraba","status":"publish","type":"product","link":"https:\/\/eu.barbams.com\/sr\/proizvod\/aqua-di-barraba\/","title":{"rendered":"Aqua di Barraba"},"content":{"rendered":"","protected":false},"excerpt":{"rendered":"<p>Postani prava Baraba. Miri\u0161i kao mu\u0161karac koji ostavlja trag!<\/p>\n<p>Predstavljamo vam&nbsp;Aqua di Barraba&nbsp;\u2013 prvi&nbsp;in-house&nbsp;parfem brenda Barbams, nastao iz \u017eelje da pomerimo granice luksuza i zavodljivosti.<\/p>\n<p>Jo\u0161 ja\u010di miris.<\/p>\n<p>Ve\u0107e, premium pakovanje od 100 ml.<\/p>\n<p>Oboga\u0107en mo\u0107nim feromonima.<\/p>\n<p>Inspirisan jednim od najekskluzivnijih parfema na svetu, ali unapre\u0111en do savr\u0161enstva. Aqua di Barraba nije samo parfem \u2013 to je izjava.<\/p>\n<p>Za mu\u0161karce koji znaju \u0161ta \u017eele. Za Barabe\u2026 i one koji \u0107e to tek postati!<\/p>\n","protected":false},"featured_media":6837,"comment_status":"open","ping_status":"closed","template":"","meta":{"_acf_changed":false},"product_cat":[19],"product_tag":[],"class_list":{"0":"post-6830","1":"product","2":"type-product","3":"status-publish","4":"has-post-thumbnail","6":"product_cat-uncategorized-sr","8":"first","9":"instock","10":"sale","11":"purchasable","12":"product-type-simple"},"acf":[],"_links":{"self":[{"href":"https:\/\/eu.barbams.com\/sr\/wp-json\/wp\/v2\/product\/6830","targetHints":{"allow":["GET"]}}],"collection":[{"href":"https:\/\/eu.barbams.com\/sr\/wp-json\/wp\/v2\/product"}],"about":[{"href":"https:\/\/eu.barbams.com\/sr\/wp-json\/wp\/v2\/types\/product"}],"replies":[{"embeddable":true,"href":"https:\/\/eu.barbams.com\/sr\/wp-json\/wp\/v2\/comments?post=6830"}],"wp:featuredmedia":[{"embeddable":true,"href":"https:\/\/eu.barbams.com\/sr\/wp-json\/wp\/v2\/media\/6837"}],"wp:attachment":[{"href":"https:\/\/eu.barbams.com\/sr\/wp-json\/wp\/v2\/media?parent=6830"}],"wp:term":[{"taxonomy":"product_cat","embeddable":true,"href":"https:\/\/eu.barbams.com\/sr\/wp-json\/wp\/v2\/product_cat?post=6830"},{"taxonomy":"product_tag","embeddable":true,"href":"https:\/\/eu.barbams.com\/sr\/wp-json\/wp\/v2\/product_tag?post=6830"}],"curies":[{"name":"wp","href":"https:\/\/api.w.org\/{rel}","templated":true}]}}